{"id":7740,"date":"2017-12-14T13:47:55","date_gmt":"2017-12-14T12:47:55","guid":{"rendered":"https:\/\/lp-demo.radtke-messtechnik.com\/produkt\/temperature-humidity-measuring-device-with-monitor-storage-kopieren\/"},"modified":"2023-05-03T10:17:06","modified_gmt":"2023-05-03T08:17:06","slug":"temperature-humidity-measuring-device-with-surface-temperature-alarm","status":"publish","type":"product","link":"https:\/\/www.radtke-messtechnik.com\/en\/product\/temperature-humidity-measuring-device-with-surface-temperature-alarm\/","title":{"rendered":"Temperature-Humidity measuring device with surface temperature alarm T260"},"content":{"rendered":"<p><strong>Temperatur- Luftfeuchtemessger\u00e4t T260 mit&nbsp;Taupunkt-Alarmfunktion<\/strong><\/p>\n<p>Thermo-Hygrometer T 260 mit Oberfl\u00e4chenthermometer.&nbsp; <a href=\"https:\/\/www.radtke-messtechnik.com\/wp-content\/uploads\/2017\/12\/T-260_DE.pdf\" target=\"_blank\" rel=\"noopener noreferrer\">Bedienungsanleitung beiliegend<\/a>.<\/p>\n<p>Mit der praktischen Taupunkt-Alarmfunktion&nbsp;sp\u00fcren Sie schnell thermische Schwachstellen an W\u00e4nden und anderen Oberfl\u00e4chen auf und k\u00f6nnen so Bereiche mit&nbsp;Feuchtekondensation finden.<\/p>\n<p>Lufttemperatur<strong>&nbsp; &nbsp; &nbsp; &nbsp; &nbsp; &nbsp; &nbsp; &nbsp; &nbsp; &nbsp; &nbsp; &nbsp; &nbsp; &nbsp; &nbsp;&nbsp;<\/strong>\u00b0C \/ \u00b0F<\/p>\n<ul>\n<li>Messprinzip &nbsp;&nbsp;&nbsp;&nbsp;&nbsp;&nbsp;&nbsp;&nbsp;&nbsp;&nbsp;&nbsp;&nbsp;&nbsp;&nbsp;&nbsp;&nbsp;&nbsp;&nbsp;&nbsp;&nbsp;&nbsp;&nbsp;&nbsp;&nbsp; NTC<\/li>\n<li>Messbereich &nbsp;&nbsp;&nbsp;&nbsp;&nbsp;&nbsp;&nbsp;&nbsp; &nbsp;&nbsp;&nbsp;&nbsp;&nbsp;&nbsp;&nbsp;&nbsp;&nbsp;&nbsp;&nbsp;&nbsp;&nbsp;&nbsp;&nbsp; -20\u202650 \u00b0C<\/li>\n<li>Aufl\u00f6sung&nbsp;&nbsp;&nbsp;&nbsp;&nbsp;&nbsp;&nbsp;&nbsp;&nbsp;&nbsp;&nbsp;&nbsp;&nbsp; &nbsp;&nbsp;&nbsp;&nbsp;&nbsp;&nbsp;&nbsp;&nbsp;&nbsp;&nbsp;&nbsp;&nbsp;&nbsp;&nbsp;&nbsp; 0,1 \u00b0C<\/li>\n<li>(Genauigkeit)&nbsp;&nbsp;&nbsp;&nbsp;&nbsp;&nbsp;&nbsp;&nbsp;&nbsp;&nbsp;&nbsp;&nbsp;&nbsp;&nbsp;&nbsp;&nbsp;&nbsp;&nbsp;&nbsp;&nbsp;&nbsp;&nbsp;&nbsp; (\u00b1 0,4 \u00b0C (0\u202640 \u00b0C), sonst \u00b1 0,7 \u00b0C)<\/li>\n<\/ul>\n<p><strong>&nbsp;<\/strong>Feuchte &nbsp; &nbsp; &nbsp; &nbsp; &nbsp; &nbsp; &nbsp; &nbsp; &nbsp; &nbsp; &nbsp; &nbsp; &nbsp; &nbsp; &nbsp; &nbsp; &nbsp; &nbsp; &nbsp; &nbsp; rel. Luftfeuchte<\/p>\n<ul>\n<li>Messprinzip&nbsp;&nbsp;&nbsp;&nbsp;&nbsp;&nbsp;&nbsp;&nbsp;&nbsp;&nbsp;&nbsp;&nbsp;&nbsp;&nbsp;&nbsp;&nbsp;&nbsp;&nbsp;&nbsp;&nbsp;&nbsp;&nbsp;&nbsp;&nbsp;&nbsp; kapazitiv<\/li>\n<li>Messbereich&nbsp; &nbsp; &nbsp; &nbsp; &nbsp; &nbsp; &nbsp; &nbsp; &nbsp; &nbsp; &nbsp; &nbsp; &nbsp;0\u2026100 % r.F<\/li>\n<li>Aufl\u00f6sung&nbsp;&nbsp;&nbsp;&nbsp;&nbsp;&nbsp;&nbsp;&nbsp;&nbsp;&nbsp;&nbsp;&nbsp;&nbsp;&nbsp;&nbsp;&nbsp;&nbsp;&nbsp;&nbsp;&nbsp;&nbsp;&nbsp;&nbsp;&nbsp;&nbsp;&nbsp;&nbsp;&nbsp;&nbsp; 0,1 % r.F.<\/li>\n<li>(Genauigkeit)&nbsp;&nbsp;&nbsp;&nbsp;&nbsp;&nbsp;&nbsp;&nbsp;&nbsp;&nbsp;&nbsp;&nbsp;&nbsp;&nbsp;&nbsp;&nbsp;&nbsp;&nbsp;&nbsp;&nbsp;&nbsp;&nbsp;&nbsp; (\u00b1 2 % r.F.)<\/li>\n<\/ul>\n<p>Oberfl\u00e4chentemperatur<\/p>\n<ul>\n<li>Messbereich&nbsp; &nbsp; &nbsp; &nbsp; &nbsp; &nbsp; &nbsp; &nbsp; &nbsp; &nbsp; &nbsp; &nbsp; &nbsp;-70 bis 380 \u00b0C<\/li>\n<li>Aufl\u00f6sung&nbsp; &nbsp; &nbsp; &nbsp; &nbsp; &nbsp; &nbsp; &nbsp; &nbsp; &nbsp; &nbsp; &nbsp; &nbsp; &nbsp; &nbsp; 0.1\u00b0C<\/li>\n<li>Genauigkeit&nbsp; &nbsp; &nbsp; &nbsp; &nbsp; &nbsp; &nbsp; &nbsp; &nbsp; &nbsp; &nbsp; &nbsp; &nbsp; &nbsp;\u00b1 2\u00b0C<\/li>\n<li>Messoptik&nbsp; &nbsp; &nbsp; &nbsp; &nbsp; &nbsp; &nbsp; &nbsp; &nbsp; &nbsp; &nbsp; &nbsp; &nbsp; &nbsp; &nbsp; 8:1<\/li>\n<\/ul>\n<p>Abmessungen<\/p>\n<ul>\n<li>Betriebsbedingungen&nbsp; &nbsp; &nbsp; &nbsp; &nbsp; &nbsp; 0\u202650 \u00b0C, &lt; 95 % r.F., nicht kondensierend<\/li>\n<li>Lagerbedingungen&nbsp; &nbsp; &nbsp; &nbsp; &nbsp; &nbsp; &nbsp; &nbsp; -30\u202660 \u00b0C, &lt; 95 % r.F.<\/li>\n<li>Abmessungen mm&nbsp; &nbsp; &nbsp; &nbsp; &nbsp; &nbsp; &nbsp; &nbsp; 202 x 63 x 35<\/li>\n<li>Strom-Speisung&nbsp; &nbsp; &nbsp; &nbsp; &nbsp; &nbsp; &nbsp; &nbsp; &nbsp; &nbsp; 4 x 1.5 V, AA<\/li>\n<\/ul>\n","protected":false},"excerpt":{"rendered":"<p><strong>Temperatur- Luftfeuchtemessger\u00e4t T260 mit Taupunkt-Alarmfunktion<\/strong><\/p>\n<p>Thermo-Hygrometer T 260 mit Oberfl\u00e4chenthermometer.&nbsp; <a href=\"https:\/\/www.radtke-messtechnik.com\/wp-content\/uploads\/2017\/12\/T-260_DE.pdf\" target=\"_blank\" rel=\"noopener noreferrer\">Bedienungsanleitung beiliegend<\/a>.<\/p>\n<p>Mit der praktischen Taupunkt-Alarmfunktion&nbsp;sp\u00fcren Sie schnell thermische Schwachstellen an W\u00e4nden und anderen Oberfl\u00e4chen auf und k\u00f6nnen so Bereiche mit&nbsp;Feuchtekondensation finden.<\/p>\n<p>Lufttemperatur<strong>&nbsp; &nbsp; &nbsp; &nbsp; &nbsp; &nbsp; &nbsp; &nbsp; &nbsp; &nbsp; &nbsp; &nbsp; &nbsp; &nbsp; &nbsp;&nbsp;<\/strong>\u00b0C \/ \u00b0F<\/p>\n<ul>\n<li>Messprinzip &nbsp;&nbsp;&nbsp;&nbsp;&nbsp;&nbsp;&nbsp;&nbsp;&nbsp;&nbsp;&nbsp;&nbsp;&nbsp;&nbsp;&nbsp;&nbsp;&nbsp;&nbsp;&nbsp;&nbsp;&nbsp;&nbsp;&nbsp;&nbsp; NTC<\/li>\n<li>Messbereich &nbsp;&nbsp;&nbsp;&nbsp;&nbsp;&nbsp;&nbsp;&nbsp; &nbsp;&nbsp;&nbsp;&nbsp;&nbsp;&nbsp;&nbsp;&nbsp;&nbsp;&nbsp;&nbsp;&nbsp;&nbsp;&nbsp;&nbsp; -20\u202650 \u00b0C<\/li>\n<li>Aufl\u00f6sung&nbsp;&nbsp;&nbsp;&nbsp;&nbsp;&nbsp;&nbsp;&nbsp;&nbsp;&nbsp;&nbsp;&nbsp;&nbsp; &nbsp;&nbsp;&nbsp;&nbsp;&nbsp;&nbsp;&nbsp;&nbsp;&nbsp;&nbsp;&nbsp;&nbsp;&nbsp;&nbsp;&nbsp; 0,1 \u00b0C<\/li>\n<li>(Genauigkeit)&nbsp;&nbsp;&nbsp;&nbsp;&nbsp;&nbsp;&nbsp;&nbsp;&nbsp;&nbsp;&nbsp;&nbsp;&nbsp;&nbsp;&nbsp;&nbsp;&nbsp;&nbsp;&nbsp;&nbsp;&nbsp;&nbsp;&nbsp; (\u00b1 0,4 \u00b0C (0\u202640 \u00b0C), sonst \u00b1 0,7 \u00b0C)<\/li>\n<\/ul>\n<p><strong>&nbsp;<\/strong>Feuchte &nbsp; &nbsp; &nbsp; &nbsp; &nbsp; &nbsp; &nbsp; &nbsp; &nbsp; &nbsp; &nbsp; &nbsp; &nbsp; &nbsp; &nbsp; &nbsp; &nbsp; &nbsp; &nbsp; &nbsp; rel. Luftfeuchte<\/p>\n<ul>\n<li>Messprinzip&nbsp;&nbsp;&nbsp;&nbsp;&nbsp;&nbsp;&nbsp;&nbsp;&nbsp;&nbsp;&nbsp;&nbsp;&nbsp;&nbsp;&nbsp;&nbsp;&nbsp;&nbsp;&nbsp;&nbsp;&nbsp;&nbsp;&nbsp;&nbsp;&nbsp; kapazitiv<\/li>\n<li>Messbereich&nbsp; &nbsp; &nbsp; &nbsp; &nbsp; &nbsp; &nbsp; &nbsp; &nbsp; &nbsp; &nbsp; &nbsp; &nbsp;0\u2026100 % r.F<\/li>\n<li>Aufl\u00f6sung&nbsp;&nbsp;&nbsp;&nbsp;&nbsp;&nbsp;&nbsp;&nbsp;&nbsp;&nbsp;&nbsp;&nbsp;&nbsp;&nbsp;&nbsp;&nbsp;&nbsp;&nbsp;&nbsp;&nbsp;&nbsp;&nbsp;&nbsp;&nbsp;&nbsp;&nbsp;&nbsp;&nbsp;&nbsp; 0,1 % r.F.<\/li>\n<li>(Genauigkeit)&nbsp;&nbsp;&nbsp;&nbsp;&nbsp;&nbsp;&nbsp;&nbsp;&nbsp;&nbsp;&nbsp;&nbsp;&nbsp;&nbsp;&nbsp;&nbsp;&nbsp;&nbsp;&nbsp;&nbsp;&nbsp;&nbsp;&nbsp; (\u00b1 2 % r.F.)<\/li>\n<\/ul>\n<p>Oberfl\u00e4chentemperatur<\/p>\n<ul>\n<li>Messbereich&nbsp; &nbsp; &nbsp; &nbsp; &nbsp; &nbsp; &nbsp; &nbsp; &nbsp; &nbsp; &nbsp; &nbsp; &nbsp;-70 bis 380 \u00b0C<\/li>\n<li>Aufl\u00f6sung&nbsp; &nbsp; &nbsp; &nbsp; &nbsp; &nbsp; &nbsp; &nbsp; &nbsp; &nbsp; &nbsp; &nbsp; &nbsp; &nbsp; &nbsp; 0.1\u00b0C<\/li>\n<li>Genauigkeit&nbsp; &nbsp; &nbsp; &nbsp; &nbsp; &nbsp; &nbsp; &nbsp; &nbsp; &nbsp; &nbsp; &nbsp; &nbsp; &nbsp;\u00b1 2\u00b0C<\/li>\n<li>Messoptik&nbsp; &nbsp; &nbsp; &nbsp; &nbsp; &nbsp; &nbsp; &nbsp; &nbsp; &nbsp; &nbsp; &nbsp; &nbsp; &nbsp; &nbsp; 8:1<\/li>\n<\/ul>\n<p>Abmessungen<\/p>\n<ul>\n<li>Betriebsbedingungen&nbsp; &nbsp; &nbsp; &nbsp; &nbsp; &nbsp; 0\u202650 \u00b0C, &lt; 95 % r.F., nicht kondensierend<\/li>\n<li>Lagerbedingungen&nbsp; &nbsp; &nbsp; &nbsp; &nbsp; &nbsp; &nbsp; &nbsp; -30\u202660 \u00b0C, &lt; 95 % r.F.<\/li>\n<li>Abmessungen mm&nbsp; &nbsp; &nbsp; &nbsp; &nbsp; &nbsp; &nbsp; &nbsp; 202 x 63 x 35<\/li>\n<li>Strom-Speisung&nbsp; &nbsp; &nbsp; &nbsp; &nbsp; &nbsp; &nbsp; &nbsp; &nbsp; &nbsp; 4 x 1.5 V, AA<\/li>\n<\/ul>\n","protected":false},"featured_media":7741,"template":"","meta":{"ngg_post_thumbnail":0},"product_brand":[],"product_cat":[364,365],"product_tag":[],"class_list":{"0":"post-7740","1":"product","2":"type-product","3":"status-publish","4":"has-post-thumbnail","6":"product_cat-measurement-devices","7":"product_cat-dataloggers-for-temperature-and-humidity","9":"first","10":"outofstock","11":"taxable","12":"shipping-taxable","13":"purchasable","14":"product-type-simple"},"_links":{"self":[{"href":"https:\/\/www.radtke-messtechnik.com\/en\/wp-json\/wp\/v2\/product\/7740","targetHints":{"allow":["GET"]}}],"collection":[{"href":"https:\/\/www.radtke-messtechnik.com\/en\/wp-json\/wp\/v2\/product"}],"about":[{"href":"https:\/\/www.radtke-messtechnik.com\/en\/wp-json\/wp\/v2\/types\/product"}],"wp:featuredmedia":[{"embeddable":true,"href":"https:\/\/www.radtke-messtechnik.com\/en\/wp-json\/wp\/v2\/media\/7741"}],"wp:attachment":[{"href":"https:\/\/www.radtke-messtechnik.com\/en\/wp-json\/wp\/v2\/media?parent=7740"}],"wp:term":[{"taxonomy":"product_brand","embeddable":true,"href":"https:\/\/www.radtke-messtechnik.com\/en\/wp-json\/wp\/v2\/product_brand?post=7740"},{"taxonomy":"product_cat","embeddable":true,"href":"https:\/\/www.radtke-messtechnik.com\/en\/wp-json\/wp\/v2\/product_cat?post=7740"},{"taxonomy":"product_tag","embeddable":true,"href":"https:\/\/www.radtke-messtechnik.com\/en\/wp-json\/wp\/v2\/product_tag?post=7740"}],"curies":[{"name":"wp","href":"https:\/\/api.w.org\/{rel}","templated":true}]}}